{"id":5636,"date":"2026-05-11T16:32:52","date_gmt":"2026-05-11T16:32:52","guid":{"rendered":"https:\/\/ventika.ge\/?product=%e1%83%93%e1%83%94%e1%83%a4%e1%83%9a%e1%83%94%e1%83%a5%e1%83%a2%e1%83%9d%e1%83%a0%e1%83%98-ideal-tipi-esmatik-o200-ral7024"},"modified":"2026-05-11T16:32:52","modified_gmt":"2026-05-11T16:32:52","slug":"%e1%83%93%e1%83%94%e1%83%a4%e1%83%9a%e1%83%94%e1%83%a5%e1%83%a2%e1%83%9d%e1%83%a0%e1%83%98-ideal-tipi-esmatik-o200-ral7024","status":"publish","type":"product","link":"https:\/\/ventika.ge\/?product=%e1%83%93%e1%83%94%e1%83%a4%e1%83%9a%e1%83%94%e1%83%a5%e1%83%a2%e1%83%9d%e1%83%a0%e1%83%98-ideal-tipi-esmatik-o200-ral7024","title":{"rendered":"\u10d3\u10d4\u10e4\u10da\u10d4\u10e5\u10e2\u10dd\u10e0\u10d8 \u0130DEAL T\u0130P\u0130 ESMAT\u0130K \u00d8200 RAL7024"},"content":{"rendered":"<p>\u10db\u10d0\u10e6\u10d0\u10da\u10d8 \u10ee\u10d0\u10e0\u10d8\u10e1\u10ee\u10d8\u10e1 \u10e1\u10d0\u10ee\u10e3\u10e0\u10d0\u10d5\u10d8\u10e1 \u10d3\u10d4\u10e4\u10da\u10d4\u10e5\u10e2\u10dd\u10e0\u10d8 ES200 RAL7024. \u10e8\u10d4\u10e5\u10db\u10dc\u10d8\u10da\u10d8\u10d0 \u10d1\u10e3\u10dc\u10d4\u10d1\u10e0\u10d8\u10d5\u10d8 \u10d2\u10d0\u10ec\u10dd\u10d5\u10d8\u10e1 \u10d2\u10d0\u10e1\u10d0\u10eb\u10da\u10d8\u10d4\u10e0\u10d4\u10d1\u10da\u10d0\u10d3 \u10d3\u10d0 \u10d5\u10d4\u10dc\u10e2\u10d8\u10da\u10d0\u10ea\u10d8\u10d8\u10e1 \u10d4\u10e4\u10d4\u10e5\u10e2\u10e3\u10e0\u10dd\u10d1\u10d8\u10e1 \u10d0\u10e1\u10d0\u10db\u10d0\u10e6\u10da\u10d4\u10d1\u10da\u10d0\u10d3. \u10d8\u10ea\u10d0\u10d5\u10e1 \u10e1\u10d0\u10d5\u10d4\u10dc\u10e2\u10d8\u10da\u10d0\u10ea\u10d8\u10dd \u10e8\u10d0\u10ee\u10e2\u10e1 \u10dc\u10d0\u10da\u10d4\u10e5\u10d8\u10e1\u10d0 \u10d3\u10d0 \u10e5\u10d0\u10e0\u10d8\u10e1 \u10de\u10d8\u10e0\u10d3\u10d0\u10de\u10d8\u10e0\u10d8 \u10d6\u10d4\u10db\u10dd\u10e5\u10db\u10d4\u10d3\u10d4\u10d1\u10d8\u10e1\u10d2\u10d0\u10dc. \u10d2\u10d0\u10db\u10dd\u10d8\u10e0\u10e9\u10d4\u10d5\u10d0 \u10db\u10d3\u10d2\u10e0\u10d0\u10d3\u10dd\u10d1\u10d8\u10d7\u10d0 \u10d3\u10d0 \u10ee\u10d0\u10dc\u10d2\u10e0\u10eb\u10da\u10d8\u10d5\u10d8 \u10d4\u10e5\u10e1\u10de\u10da\u10e3\u10d0\u10e2\u10d0\u10ea\u10d8\u10d8\u10e1 \u10d5\u10d0\u10d3\u10d8\u10d7.<\/p>\n","protected":false},"excerpt":{"rendered":"<p>\u10e1\u10d0\u10d5\u10d4\u10dc\u10e2\u10d8\u10da\u10d0\u10ea\u10d8\u10dd \u10d3\u10d4\u10e4\u10da\u10d4\u10e5\u10e2\u10dd\u10e0\u10d8 ES200 RAL7024 &#8211; \u10e1\u10d0\u10d8\u10db\u10d4\u10d3\u10dd \u10d3\u10d0\u10ea\u10d5\u10d0 \u10d3\u10d0 \u10d4\u10e4\u10d4\u10e5\u10e2\u10e3\u10e0\u10d8 \u10f0\u10d0\u10d4\u10e0\u10d8\u10e1 \u10ea\u10d8\u10e0\u10d9\u10e3\u10da\u10d0\u10ea\u10d8\u10d0.<\/p>\n","protected":false},"featured_media":0,"template":"","meta":[],"product_cat":[142,143,144,104,108,109,137,145],"product_tag":[],"class_list":{"0":"post-5636","1":"product","2":"type-product","3":"status-publish","5":"product_cat-142","6":"product_cat---2","7":"product_cat----2","8":"product_cat-recuperators","9":"product_cat-ventilation-grills","10":"product_cat-ventilation-doors","11":"product_cat-137","14":"first","15":"instock","16":"shipping-taxable","17":"purchasable","18":"product-type-simple"},"etheme_brands":{"errors":{"invalid_taxonomy":["Invalid taxonomy."]},"error_data":[]},"jetpack_sharing_enabled":true,"_links":{"self":[{"href":"https:\/\/ventika.ge\/index.php?rest_route=\/wp\/v2\/product\/5636","targetHints":{"allow":["GET"]}}],"collection":[{"href":"https:\/\/ventika.ge\/index.php?rest_route=\/wp\/v2\/product"}],"about":[{"href":"https:\/\/ventika.ge\/index.php?rest_route=\/wp\/v2\/types\/product"}],"version-history":[{"count":0,"href":"https:\/\/ventika.ge\/index.php?rest_route=\/wp\/v2\/product\/5636\/revisions"}],"wp:attachment":[{"href":"https:\/\/ventika.ge\/index.php?rest_route=%2Fwp%2Fv2%2Fmedia&parent=5636"}],"wp:term":[{"taxonomy":"product_cat","embeddable":true,"href":"https:\/\/ventika.ge\/index.php?rest_route=%2Fwp%2Fv2%2Fproduct_cat&post=5636"},{"taxonomy":"product_tag","embeddable":true,"href":"https:\/\/ventika.ge\/index.php?rest_route=%2Fwp%2Fv2%2Fproduct_tag&post=5636"}],"curies":[{"name":"wp","href":"https:\/\/api.w.org\/{rel}","templated":true}]}}